

{"id":1242,"date":"2024-05-08T12:15:48","date_gmt":"2024-05-08T10:15:48","guid":{"rendered":"https:\/\/aha-trainings.akademie.rub.de\/shop\/"},"modified":"2025-10-27T16:56:18","modified_gmt":"2025-10-27T14:56:18","slug":"courses","status":"publish","type":"page","link":"https:\/\/aha-trainings.akademie.rub.de\/de\/courses\/","title":{"rendered":"Kurse"},"content":{"rendered":"<p>[et_pb_section fb_built=&#8220;1&#8243; custom_padding_last_edited=&#8220;on|tablet&#8220; _builder_version=&#8220;4.25.1&#8243; _module_preset=&#8220;default&#8220; background_color=&#8220;gcid-61b2e703-9b4b-4f11-9b75-a34f86ce6265&#8243; custom_margin_tablet=&#8220;||||false|false&#8220; custom_margin_phone=&#8220;||||false|false&#8220; custom_margin_last_edited=&#8220;on|tablet&#8220; custom_padding_tablet=&#8220;0px||||false|false&#8220; custom_padding_phone=&#8220;0px||||false|false&#8220; locked=&#8220;off&#8220; global_colors_info=&#8220;{%22gcid-61b2e703-9b4b-4f11-9b75-a34f86ce6265%22:%91%22background_color%22%93}&#8220;][et_pb_row column_structure=&#8220;1_2,1_2&#8243; _builder_version=&#8220;4.25.1&#8243; _module_preset=&#8220;default&#8220; width_tablet=&#8220;100%&#8220; width_phone=&#8220;100%&#8220; width_last_edited=&#8220;on|tablet&#8220; custom_padding=&#8220;0px||0px||false|false&#8220; global_colors_info=&#8220;{}&#8220;][et_pb_column type=&#8220;1_2&#8243; _builder_version=&#8220;4.25.1&#8243; _module_preset=&#8220;default&#8220; global_colors_info=&#8220;{}&#8220;][et_pb_image src=&#8220;@ET-DC@eyJkeW5hbWljIjp0cnVlLCJjb250ZW50IjoicG9zdF9mZWF0dXJlZF9pbWFnZSIsInNldHRpbmdzIjp7ImVuYWJsZV9odG1sIjoib2ZmIn19@&#8220; _builder_version=&#8220;4.25.1&#8243; _dynamic_attributes=&#8220;src&#8220; _module_preset=&#8220;default&#8220; global_colors_info=&#8220;{}&#8220;][\/et_pb_image][\/et_pb_column][et_pb_column type=&#8220;1_2&#8243; _builder_version=&#8220;4.25.1&#8243; _module_preset=&#8220;default&#8220; custom_padding_tablet=&#8220;30px|10%||10%|false|true&#8220; custom_padding_phone=&#8220;30px|10%||10%|false|true&#8220; custom_padding_last_edited=&#8220;on|phone&#8220; global_colors_info=&#8220;{}&#8220;][et_pb_text _builder_version=&#8220;4.27.4&#8243; _module_preset=&#8220;default&#8220; text_font_size=&#8220;21px&#8220; width=&#8220;100%&#8220; custom_css_main_element=&#8220;margin-bottom: 10px !important;&#8220; global_colors_info=&#8220;{}&#8220;]<\/p>\n<h1>Kurse<\/h1>\n<p>[\/et_pb_text][et_pb_text _builder_version=&#8220;4.25.1&#8243; _module_preset=&#8220;default&#8220; global_colors_info=&#8220;{}&#8220;]<\/p>\n<h4>Prepare for Humanitarian Action<\/h4>\n<p>[\/et_pb_text][et_pb_text _builder_version=&#8220;4.25.1&#8243; _module_preset=&#8220;default&#8220; global_colors_info=&#8220;{}&#8220;]<\/p>\n<p>Wir bieten Online- und Pr\u00e4senzveranstaltungen zu verschiedenen Themen der humanit\u00e4ren Hilfe und internationalen Zusammenarbeit an. Alle Vor-Ort-Schulungen finden in Deutschland statt. F\u00fcr einige Schulungen kann optional ein Zertifikat erworben werden. Die Schulungen werden von aha-Mitgliedern und von externen Anbietern durchgef\u00fchrt, die nachweislich \u00fcber Fachwissen in ausgew\u00e4hlten Bereichen verf\u00fcgen. Die Schulungen unterscheiden sich dabei in Umfang, Sprache und Zielgruppe und einige Kurse werden subventioniert und k\u00f6nnen kostenfrei belegt werden. Alle unsere Trainings sind partizipativ und f\u00fcr alle zug\u00e4nglich, die die Zulassungskriterien erf\u00fcllen &#8211; du profitierst von deinem Training, sobald der Kurs beginnt!<\/p>\n<p>[\/et_pb_text][et_pb_button button_url=&#8220;\/de\/courses-archiv\/&#8220; button_text=&#8220;Zu  fr\u00fcheren Trainings&#8220; _builder_version=&#8220;4.27.4&#8243; _module_preset=&#8220;default&#8220; global_colors_info=&#8220;{}&#8220;][\/et_pb_button][\/et_pb_column][\/et_pb_row][\/et_pb_section][et_pb_section fb_built=&#8220;1&#8243; _builder_version=&#8220;4.19.2&#8243; _module_preset=&#8220;default&#8220; custom_padding=&#8220;60px|||||&#8220; locked=&#8220;off&#8220; global_colors_info=&#8220;{}&#8220;][et_pb_row _builder_version=&#8220;4.19.2&#8243; _module_preset=&#8220;default&#8220; custom_padding=&#8220;0px|||||&#8220; global_colors_info=&#8220;{}&#8220;][et_pb_column type=&#8220;4_4&#8243; _builder_version=&#8220;4.19.2&#8243; _module_preset=&#8220;default&#8220; global_colors_info=&#8220;{}&#8220;][et_pb_shop type=&#8220;product_category&#8220; include_categories=&#8220;75&#8243; _builder_version=&#8220;4.27.4&#8243; _module_preset=&#8220;default&#8220; global_colors_info=&#8220;{}&#8220;][\/et_pb_shop][\/et_pb_column][\/et_pb_row][\/et_pb_section]<\/p>\n","protected":false},"excerpt":{"rendered":"<p>KursePrepare for Humanitarian ActionWir bieten Online- und Pr\u00e4senzveranstaltungen zu verschiedenen Themen der humanit\u00e4ren Hilfe und internationalen Zusammenarbeit an. Alle Vor-Ort-Schulungen finden in Deutschland statt. F\u00fcr einige Schulungen kann optional ein Zertifikat erworben werden. Die Schulungen werden von aha-Mitgliedern und von externen Anbietern durchgef\u00fchrt, die nachweislich \u00fcber Fachwissen in ausgew\u00e4hlten Bereichen verf\u00fcgen. Die Schulungen unterscheiden sich [&hellip;]<\/p>\n","protected":false},"author":1,"featured_media":797,"parent":0,"menu_order":0,"comment_status":"closed","ping_status":"closed","template":"","meta":{"_acf_changed":false,"_et_pb_use_builder":"on","_et_pb_old_content":"","_et_gb_content_width":"","footnotes":""},"class_list":["post-1242","page","type-page","status-publish","has-post-thumbnail","hentry"],"yoast_head":"<!-- This site is optimized with the Yoast SEO Premium plugin v27.6 (Yoast SEO v27.6) - https:\/\/yoast.com\/product\/yoast-seo-premium-wordpress\/ -->\n<title>Kurse - AHA Trainings<\/title>\n<meta name=\"robots\" content=\"index, follow, max-snippet:-1, max-image-preview:large, max-video-preview:-1\" \/>\n<link rel=\"canonical\" href=\"https:\/\/aha-trainings.akademie.rub.de\/de\/courses\/\" \/>\n<meta property=\"og:locale\" content=\"de_DE\" \/>\n<meta property=\"og:type\" content=\"article\" \/>\n<meta property=\"og:title\" content=\"Kurse\" \/>\n<meta property=\"og:description\" content=\"KursePrepare for Humanitarian ActionWir bieten Online- und Pr\u00e4senzveranstaltungen zu verschiedenen Themen der humanit\u00e4ren Hilfe und internationalen Zusammenarbeit an. Alle Vor-Ort-Schulungen finden in Deutschland statt. F\u00fcr einige Schulungen kann optional ein Zertifikat erworben werden. Die Schulungen werden von aha-Mitgliedern und von externen Anbietern durchgef\u00fchrt, die nachweislich \u00fcber Fachwissen in ausgew\u00e4hlten Bereichen verf\u00fcgen. Die Schulungen unterscheiden sich [&hellip;]\" \/>\n<meta property=\"og:url\" content=\"https:\/\/aha-trainings.akademie.rub.de\/de\/courses\/\" \/>\n<meta property=\"og:site_name\" content=\"AHA Trainings\" \/>\n<meta property=\"article:modified_time\" content=\"2025-10-27T14:56:18+00:00\" \/>\n<meta property=\"og:image\" content=\"https:\/\/aha-trainings.akademie.rub.de\/wp-content\/uploads\/sites\/3\/2024\/09\/Photo-scaled.jpg\" \/>\n\t<meta property=\"og:image:width\" content=\"2560\" \/>\n\t<meta property=\"og:image:height\" content=\"2048\" \/>\n\t<meta property=\"og:image:type\" content=\"image\/jpeg\" \/>\n<meta name=\"twitter:card\" content=\"summary_large_image\" \/>\n<meta name=\"twitter:label1\" content=\"Gesch\u00e4tzte Lesezeit\" \/>\n\t<meta name=\"twitter:data1\" content=\"3\u00a0Minuten\" \/>\n<script type=\"application\/ld+json\" class=\"yoast-schema-graph\">{\"@context\":\"https:\\\/\\\/schema.org\",\"@graph\":[{\"@type\":\"WebPage\",\"@id\":\"https:\\\/\\\/aha-trainings.akademie.rub.de\\\/de\\\/courses\\\/\",\"url\":\"https:\\\/\\\/aha-trainings.akademie.rub.de\\\/de\\\/courses\\\/\",\"name\":\"Kurse - AHA Trainings\",\"isPartOf\":{\"@id\":\"https:\\\/\\\/aha-trainings.akademie.rub.de\\\/de\\\/#website\"},\"primaryImageOfPage\":{\"@id\":\"https:\\\/\\\/aha-trainings.akademie.rub.de\\\/de\\\/courses\\\/#primaryimage\"},\"image\":{\"@id\":\"https:\\\/\\\/aha-trainings.akademie.rub.de\\\/de\\\/courses\\\/#primaryimage\"},\"thumbnailUrl\":\"https:\\\/\\\/aha-trainings.akademie.rub.de\\\/wp-content\\\/uploads\\\/sites\\\/3\\\/2024\\\/09\\\/Photo-scaled.jpg\",\"datePublished\":\"2024-05-08T10:15:48+00:00\",\"dateModified\":\"2025-10-27T14:56:18+00:00\",\"breadcrumb\":{\"@id\":\"https:\\\/\\\/aha-trainings.akademie.rub.de\\\/de\\\/courses\\\/#breadcrumb\"},\"inLanguage\":\"de\",\"potentialAction\":[{\"@type\":\"ReadAction\",\"target\":[\"https:\\\/\\\/aha-trainings.akademie.rub.de\\\/de\\\/courses\\\/\"]}]},{\"@type\":\"ImageObject\",\"inLanguage\":\"de\",\"@id\":\"https:\\\/\\\/aha-trainings.akademie.rub.de\\\/de\\\/courses\\\/#primaryimage\",\"url\":\"https:\\\/\\\/aha-trainings.akademie.rub.de\\\/wp-content\\\/uploads\\\/sites\\\/3\\\/2024\\\/09\\\/Photo-scaled.jpg\",\"contentUrl\":\"https:\\\/\\\/aha-trainings.akademie.rub.de\\\/wp-content\\\/uploads\\\/sites\\\/3\\\/2024\\\/09\\\/Photo-scaled.jpg\",\"width\":2560,\"height\":2048},{\"@type\":\"BreadcrumbList\",\"@id\":\"https:\\\/\\\/aha-trainings.akademie.rub.de\\\/de\\\/courses\\\/#breadcrumb\",\"itemListElement\":[{\"@type\":\"ListItem\",\"position\":1,\"name\":\"Home\",\"item\":\"https:\\\/\\\/aha-trainings.akademie.rub.de\\\/de\\\/\"},{\"@type\":\"ListItem\",\"position\":2,\"name\":\"Kurse\"}]},{\"@type\":\"WebSite\",\"@id\":\"https:\\\/\\\/aha-trainings.akademie.rub.de\\\/de\\\/#website\",\"url\":\"https:\\\/\\\/aha-trainings.akademie.rub.de\\\/de\\\/\",\"name\":\"AHA Trainings\",\"description\":\"Akademie der Ruhr-Universit\u00e4t\",\"potentialAction\":[{\"@type\":\"SearchAction\",\"target\":{\"@type\":\"EntryPoint\",\"urlTemplate\":\"https:\\\/\\\/aha-trainings.akademie.rub.de\\\/de\\\/?s={search_term_string}\"},\"query-input\":{\"@type\":\"PropertyValueSpecification\",\"valueRequired\":true,\"valueName\":\"search_term_string\"}}],\"inLanguage\":\"de\"}]}<\/script>\n<!-- \/ Yoast SEO Premium plugin. -->","yoast_head_json":{"title":"Kurse - AHA Trainings","robots":{"index":"index","follow":"follow","max-snippet":"max-snippet:-1","max-image-preview":"max-image-preview:large","max-video-preview":"max-video-preview:-1"},"canonical":"https:\/\/aha-trainings.akademie.rub.de\/de\/courses\/","og_locale":"de_DE","og_type":"article","og_title":"Kurse","og_description":"KursePrepare for Humanitarian ActionWir bieten Online- und Pr\u00e4senzveranstaltungen zu verschiedenen Themen der humanit\u00e4ren Hilfe und internationalen Zusammenarbeit an. Alle Vor-Ort-Schulungen finden in Deutschland statt. F\u00fcr einige Schulungen kann optional ein Zertifikat erworben werden. Die Schulungen werden von aha-Mitgliedern und von externen Anbietern durchgef\u00fchrt, die nachweislich \u00fcber Fachwissen in ausgew\u00e4hlten Bereichen verf\u00fcgen. Die Schulungen unterscheiden sich [&hellip;]","og_url":"https:\/\/aha-trainings.akademie.rub.de\/de\/courses\/","og_site_name":"AHA Trainings","article_modified_time":"2025-10-27T14:56:18+00:00","og_image":[{"width":2560,"height":2048,"url":"https:\/\/aha-trainings.akademie.rub.de\/wp-content\/uploads\/sites\/3\/2024\/09\/Photo-scaled.jpg","type":"image\/jpeg"}],"twitter_card":"summary_large_image","twitter_misc":{"Gesch\u00e4tzte Lesezeit":"3\u00a0Minuten"},"schema":{"@context":"https:\/\/schema.org","@graph":[{"@type":"WebPage","@id":"https:\/\/aha-trainings.akademie.rub.de\/de\/courses\/","url":"https:\/\/aha-trainings.akademie.rub.de\/de\/courses\/","name":"Kurse - AHA Trainings","isPartOf":{"@id":"https:\/\/aha-trainings.akademie.rub.de\/de\/#website"},"primaryImageOfPage":{"@id":"https:\/\/aha-trainings.akademie.rub.de\/de\/courses\/#primaryimage"},"image":{"@id":"https:\/\/aha-trainings.akademie.rub.de\/de\/courses\/#primaryimage"},"thumbnailUrl":"https:\/\/aha-trainings.akademie.rub.de\/wp-content\/uploads\/sites\/3\/2024\/09\/Photo-scaled.jpg","datePublished":"2024-05-08T10:15:48+00:00","dateModified":"2025-10-27T14:56:18+00:00","breadcrumb":{"@id":"https:\/\/aha-trainings.akademie.rub.de\/de\/courses\/#breadcrumb"},"inLanguage":"de","potentialAction":[{"@type":"ReadAction","target":["https:\/\/aha-trainings.akademie.rub.de\/de\/courses\/"]}]},{"@type":"ImageObject","inLanguage":"de","@id":"https:\/\/aha-trainings.akademie.rub.de\/de\/courses\/#primaryimage","url":"https:\/\/aha-trainings.akademie.rub.de\/wp-content\/uploads\/sites\/3\/2024\/09\/Photo-scaled.jpg","contentUrl":"https:\/\/aha-trainings.akademie.rub.de\/wp-content\/uploads\/sites\/3\/2024\/09\/Photo-scaled.jpg","width":2560,"height":2048},{"@type":"BreadcrumbList","@id":"https:\/\/aha-trainings.akademie.rub.de\/de\/courses\/#breadcrumb","itemListElement":[{"@type":"ListItem","position":1,"name":"Home","item":"https:\/\/aha-trainings.akademie.rub.de\/de\/"},{"@type":"ListItem","position":2,"name":"Kurse"}]},{"@type":"WebSite","@id":"https:\/\/aha-trainings.akademie.rub.de\/de\/#website","url":"https:\/\/aha-trainings.akademie.rub.de\/de\/","name":"AHA Trainings","description":"Akademie der Ruhr-Universit\u00e4t","potentialAction":[{"@type":"SearchAction","target":{"@type":"EntryPoint","urlTemplate":"https:\/\/aha-trainings.akademie.rub.de\/de\/?s={search_term_string}"},"query-input":{"@type":"PropertyValueSpecification","valueRequired":true,"valueName":"search_term_string"}}],"inLanguage":"de"}]}},"acf":[],"_links":{"self":[{"href":"https:\/\/aha-trainings.akademie.rub.de\/de\/wp-json\/wp\/v2\/pages\/1242","targetHints":{"allow":["GET"]}}],"collection":[{"href":"https:\/\/aha-trainings.akademie.rub.de\/de\/wp-json\/wp\/v2\/pages"}],"about":[{"href":"https:\/\/aha-trainings.akademie.rub.de\/de\/wp-json\/wp\/v2\/types\/page"}],"author":[{"embeddable":true,"href":"https:\/\/aha-trainings.akademie.rub.de\/de\/wp-json\/wp\/v2\/users\/1"}],"replies":[{"embeddable":true,"href":"https:\/\/aha-trainings.akademie.rub.de\/de\/wp-json\/wp\/v2\/comments?post=1242"}],"version-history":[{"count":11,"href":"https:\/\/aha-trainings.akademie.rub.de\/de\/wp-json\/wp\/v2\/pages\/1242\/revisions"}],"predecessor-version":[{"id":1704,"href":"https:\/\/aha-trainings.akademie.rub.de\/de\/wp-json\/wp\/v2\/pages\/1242\/revisions\/1704"}],"wp:featuredmedia":[{"embeddable":true,"href":"https:\/\/aha-trainings.akademie.rub.de\/de\/wp-json\/wp\/v2\/media\/797"}],"wp:attachment":[{"href":"https:\/\/aha-trainings.akademie.rub.de\/de\/wp-json\/wp\/v2\/media?parent=1242"}],"curies":[{"name":"wp","href":"https:\/\/api.w.org\/{rel}","templated":true}]}}