

{"id":1463,"date":"2025-10-21T00:12:12","date_gmt":"2025-10-20T22:12:12","guid":{"rendered":"https:\/\/aha-trainings.akademie.rub.de\/product\/sphere-training_\/"},"modified":"2026-02-04T11:09:14","modified_gmt":"2026-02-04T09:09:14","slug":"sphere-training_","status":"publish","type":"product","link":"https:\/\/aha-trainings.akademie.rub.de\/de\/produkt\/sphere-training_\/","title":{"rendered":"Sphere Training"},"content":{"rendered":"<p>Das Sphere-Handbuch stellt einen grundsatzbasierten und prinzipiengeleiteten Ansatz f\u00fcr Qualit\u00e4t und Verantwortlichkeit in der humanit\u00e4ren Hilfe dar. Dieses Basistraining bietet Dir eine Einf\u00fchrung in das Sphere-Handbuch mit den Grundlagen der humanit\u00e4ren Hilfe &#8211; der Humanit\u00e4ren Charta gemeinsam mit dem Core Humanitarian Standard (CHS) und den Schutzprinzipien &#8211; und den technischen Standards in den vier Sektoren: WASH, Nahrungsmittelsicherheit und Ern\u00e4hrung, Notunterk\u00fcnfte und Siedlungen sowie Gesundheit. Das Training stellt die praktische Anwendung des Handbuchs in konkreten humanit\u00e4ren Situationen in den Mittelpunkt. Dazu wirst du an verschiedenen \u00dcbungen in Kleingruppen teilnehmen.<\/p>\n<p>Mitarbeitende von Aktion Deutschland Hilft Organisationen k\u00f6nnen sich die Kursgeb\u00fchren r\u00fcckerstatten lassen.<\/p>\n<p>&nbsp;<\/p>\n","protected":false},"excerpt":{"rendered":"<p>Das Sphere-Handbuch stellt einen grundsatzbasierten und prinzipiengeleiteten Ansatz f\u00fcr Qualit\u00e4t und Verantwortlichkeit in der humanit\u00e4ren Hilfe dar. Dieses Basistraining bietet Dir eine Einf\u00fchrung in das Sphere-Handbuch mit den Grundlagen der humanit\u00e4ren Hilfe &#8211; der Humanit\u00e4ren Charta gemeinsam mit dem Core Humanitarian Standard (CHS) und den Schutzprinzipien &#8211; und den technischen Standards in den vier Sektoren: [&hellip;]<\/p>\n","protected":false},"featured_media":1323,"template":"","meta":{"_acf_changed":false,"_et_pb_use_builder":"","_et_pb_old_content":"","_et_gb_content_width":""},"product_brand":[],"product_cat":[75],"product_tag":[],"class_list":{"0":"post-1463","1":"product","2":"type-product","3":"status-publish","4":"has-post-thumbnail","6":"product_cat-aha-trainings-de","8":"first","9":"instock","10":"purchasable","11":"product-type-bundle"},"bundled_by":[],"bundle_stock_status":"instock","bundle_stock_quantity":"","bundle_virtual":false,"bundle_layout":"default","bundle_add_to_cart_form_location":"default","bundle_editable_in_cart":false,"bundle_sold_individually_context":"product","bundle_item_grouping":"parent","bundle_min_size":"","bundle_max_size":"","bundle_price":{"price":{"min":{"incl_tax":"450","excl_tax":"443.44"},"max":{"incl_tax":"450","excl_tax":"443.44"}},"regular_price":{"min":{"incl_tax":"450","excl_tax":"443.44"},"max":{"incl_tax":"450","excl_tax":"443.44"}}},"bundled_items":[{"bundled_item_id":26,"product_id":260610,"menu_order":0,"quantity_min":3,"quantity_max":3,"quantity_default":3,"priced_individually":true,"shipped_individually":false,"override_title":false,"title":"Catering","override_description":false,"description":"Catering","optional":false,"hide_thumbnail":false,"discount":"","override_variations":false,"allowed_variations":[""],"override_default_variation_attributes":false,"default_variation_attributes":[],"single_product_visibility":"visible","cart_visibility":"visible","order_visibility":"visible","single_product_price_visibility":"visible","cart_price_visibility":"visible","order_price_visibility":"visible","stock_status":"in_stock"}],"bundle_sell_ids":[],"yoast_head":"<!-- This site is optimized with the Yoast SEO Premium plugin v27.5 (Yoast SEO v27.5) - https:\/\/yoast.com\/product\/yoast-seo-premium-wordpress\/ -->\n<title>Sphere Training - AHA Trainings<\/title>\n<meta name=\"robots\" content=\"index, follow, max-snippet:-1, max-image-preview:large, max-video-preview:-1\" \/>\n<link rel=\"canonical\" href=\"https:\/\/aha-trainings.akademie.rub.de\/de\/produkt\/sphere-training_\/\" \/>\n<meta property=\"og:locale\" content=\"de_DE\" \/>\n<meta property=\"og:type\" content=\"article\" \/>\n<meta property=\"og:title\" content=\"Sphere Training\" \/>\n<meta property=\"og:description\" content=\"Das Sphere-Handbuch stellt einen grundsatzbasierten und prinzipiengeleiteten Ansatz f\u00fcr Qualit\u00e4t und Verantwortlichkeit in der humanit\u00e4ren Hilfe dar. Dieses Basistraining bietet Dir eine Einf\u00fchrung in das Sphere-Handbuch mit den Grundlagen der humanit\u00e4ren Hilfe &#8211; der Humanit\u00e4ren Charta gemeinsam mit dem Core Humanitarian Standard (CHS) und den Schutzprinzipien &#8211; und den technischen Standards in den vier Sektoren: [&hellip;]\" \/>\n<meta property=\"og:url\" content=\"https:\/\/aha-trainings.akademie.rub.de\/de\/produkt\/sphere-training_\/\" \/>\n<meta property=\"og:site_name\" content=\"AHA Trainings\" \/>\n<meta property=\"article:modified_time\" content=\"2026-02-04T09:09:14+00:00\" \/>\n<meta property=\"og:image\" content=\"https:\/\/aha-trainings.akademie.rub.de\/wp-content\/uploads\/sites\/3\/2025\/10\/8079-scaled.jpg\" \/>\n\t<meta property=\"og:image:width\" content=\"2560\" \/>\n\t<meta property=\"og:image:height\" content=\"1707\" \/>\n\t<meta property=\"og:image:type\" content=\"image\/jpeg\" \/>\n<meta name=\"twitter:card\" content=\"summary_large_image\" \/>\n<meta name=\"twitter:label1\" content=\"Gesch\u00e4tzte Lesezeit\" \/>\n\t<meta name=\"twitter:data1\" content=\"1\u00a0Minute\" \/>\n<script type=\"application\/ld+json\" class=\"yoast-schema-graph\">{\"@context\":\"https:\\\/\\\/schema.org\",\"@graph\":[{\"@type\":\"WebPage\",\"@id\":\"https:\\\/\\\/aha-trainings.akademie.rub.de\\\/de\\\/produkt\\\/sphere-training_\\\/\",\"url\":\"https:\\\/\\\/aha-trainings.akademie.rub.de\\\/de\\\/produkt\\\/sphere-training_\\\/\",\"name\":\"Sphere Training - AHA Trainings\",\"isPartOf\":{\"@id\":\"https:\\\/\\\/aha-trainings.akademie.rub.de\\\/de\\\/#website\"},\"primaryImageOfPage\":{\"@id\":\"https:\\\/\\\/aha-trainings.akademie.rub.de\\\/de\\\/produkt\\\/sphere-training_\\\/#primaryimage\"},\"image\":{\"@id\":\"https:\\\/\\\/aha-trainings.akademie.rub.de\\\/de\\\/produkt\\\/sphere-training_\\\/#primaryimage\"},\"thumbnailUrl\":\"https:\\\/\\\/aha-trainings.akademie.rub.de\\\/wp-content\\\/uploads\\\/sites\\\/3\\\/2025\\\/10\\\/8079-scaled.jpg\",\"datePublished\":\"2025-10-20T22:12:12+00:00\",\"dateModified\":\"2026-02-04T09:09:14+00:00\",\"breadcrumb\":{\"@id\":\"https:\\\/\\\/aha-trainings.akademie.rub.de\\\/de\\\/produkt\\\/sphere-training_\\\/#breadcrumb\"},\"inLanguage\":\"de\",\"potentialAction\":[{\"@type\":\"ReadAction\",\"target\":[\"https:\\\/\\\/aha-trainings.akademie.rub.de\\\/de\\\/produkt\\\/sphere-training_\\\/\"]}]},{\"@type\":\"ImageObject\",\"inLanguage\":\"de\",\"@id\":\"https:\\\/\\\/aha-trainings.akademie.rub.de\\\/de\\\/produkt\\\/sphere-training_\\\/#primaryimage\",\"url\":\"https:\\\/\\\/aha-trainings.akademie.rub.de\\\/wp-content\\\/uploads\\\/sites\\\/3\\\/2025\\\/10\\\/8079-scaled.jpg\",\"contentUrl\":\"https:\\\/\\\/aha-trainings.akademie.rub.de\\\/wp-content\\\/uploads\\\/sites\\\/3\\\/2025\\\/10\\\/8079-scaled.jpg\",\"width\":2560,\"height\":1707},{\"@type\":\"BreadcrumbList\",\"@id\":\"https:\\\/\\\/aha-trainings.akademie.rub.de\\\/de\\\/produkt\\\/sphere-training_\\\/#breadcrumb\",\"itemListElement\":[{\"@type\":\"ListItem\",\"position\":1,\"name\":\"Home\",\"item\":\"https:\\\/\\\/aha-trainings.akademie.rub.de\\\/de\\\/\"},{\"@type\":\"ListItem\",\"position\":2,\"name\":\"Kurse\",\"item\":\"https:\\\/\\\/aha-trainings.akademie.rub.de\\\/de\\\/courses\\\/\"},{\"@type\":\"ListItem\",\"position\":3,\"name\":\"Sphere Training\"}]},{\"@type\":\"WebSite\",\"@id\":\"https:\\\/\\\/aha-trainings.akademie.rub.de\\\/de\\\/#website\",\"url\":\"https:\\\/\\\/aha-trainings.akademie.rub.de\\\/de\\\/\",\"name\":\"AHA Trainings\",\"description\":\"Akademie der Ruhr-Universit\u00e4t\",\"potentialAction\":[{\"@type\":\"SearchAction\",\"target\":{\"@type\":\"EntryPoint\",\"urlTemplate\":\"https:\\\/\\\/aha-trainings.akademie.rub.de\\\/de\\\/?s={search_term_string}\"},\"query-input\":{\"@type\":\"PropertyValueSpecification\",\"valueRequired\":true,\"valueName\":\"search_term_string\"}}],\"inLanguage\":\"de\"}]}<\/script>\n<!-- \/ Yoast SEO Premium plugin. -->","yoast_head_json":{"title":"Sphere Training - AHA Trainings","robots":{"index":"index","follow":"follow","max-snippet":"max-snippet:-1","max-image-preview":"max-image-preview:large","max-video-preview":"max-video-preview:-1"},"canonical":"https:\/\/aha-trainings.akademie.rub.de\/de\/produkt\/sphere-training_\/","og_locale":"de_DE","og_type":"article","og_title":"Sphere Training","og_description":"Das Sphere-Handbuch stellt einen grundsatzbasierten und prinzipiengeleiteten Ansatz f\u00fcr Qualit\u00e4t und Verantwortlichkeit in der humanit\u00e4ren Hilfe dar. Dieses Basistraining bietet Dir eine Einf\u00fchrung in das Sphere-Handbuch mit den Grundlagen der humanit\u00e4ren Hilfe &#8211; der Humanit\u00e4ren Charta gemeinsam mit dem Core Humanitarian Standard (CHS) und den Schutzprinzipien &#8211; und den technischen Standards in den vier Sektoren: [&hellip;]","og_url":"https:\/\/aha-trainings.akademie.rub.de\/de\/produkt\/sphere-training_\/","og_site_name":"AHA Trainings","article_modified_time":"2026-02-04T09:09:14+00:00","og_image":[{"width":2560,"height":1707,"url":"https:\/\/aha-trainings.akademie.rub.de\/wp-content\/uploads\/sites\/3\/2025\/10\/8079-scaled.jpg","type":"image\/jpeg"}],"twitter_card":"summary_large_image","twitter_misc":{"Gesch\u00e4tzte Lesezeit":"1\u00a0Minute"},"schema":{"@context":"https:\/\/schema.org","@graph":[{"@type":"WebPage","@id":"https:\/\/aha-trainings.akademie.rub.de\/de\/produkt\/sphere-training_\/","url":"https:\/\/aha-trainings.akademie.rub.de\/de\/produkt\/sphere-training_\/","name":"Sphere Training - AHA Trainings","isPartOf":{"@id":"https:\/\/aha-trainings.akademie.rub.de\/de\/#website"},"primaryImageOfPage":{"@id":"https:\/\/aha-trainings.akademie.rub.de\/de\/produkt\/sphere-training_\/#primaryimage"},"image":{"@id":"https:\/\/aha-trainings.akademie.rub.de\/de\/produkt\/sphere-training_\/#primaryimage"},"thumbnailUrl":"https:\/\/aha-trainings.akademie.rub.de\/wp-content\/uploads\/sites\/3\/2025\/10\/8079-scaled.jpg","datePublished":"2025-10-20T22:12:12+00:00","dateModified":"2026-02-04T09:09:14+00:00","breadcrumb":{"@id":"https:\/\/aha-trainings.akademie.rub.de\/de\/produkt\/sphere-training_\/#breadcrumb"},"inLanguage":"de","potentialAction":[{"@type":"ReadAction","target":["https:\/\/aha-trainings.akademie.rub.de\/de\/produkt\/sphere-training_\/"]}]},{"@type":"ImageObject","inLanguage":"de","@id":"https:\/\/aha-trainings.akademie.rub.de\/de\/produkt\/sphere-training_\/#primaryimage","url":"https:\/\/aha-trainings.akademie.rub.de\/wp-content\/uploads\/sites\/3\/2025\/10\/8079-scaled.jpg","contentUrl":"https:\/\/aha-trainings.akademie.rub.de\/wp-content\/uploads\/sites\/3\/2025\/10\/8079-scaled.jpg","width":2560,"height":1707},{"@type":"BreadcrumbList","@id":"https:\/\/aha-trainings.akademie.rub.de\/de\/produkt\/sphere-training_\/#breadcrumb","itemListElement":[{"@type":"ListItem","position":1,"name":"Home","item":"https:\/\/aha-trainings.akademie.rub.de\/de\/"},{"@type":"ListItem","position":2,"name":"Kurse","item":"https:\/\/aha-trainings.akademie.rub.de\/de\/courses\/"},{"@type":"ListItem","position":3,"name":"Sphere Training"}]},{"@type":"WebSite","@id":"https:\/\/aha-trainings.akademie.rub.de\/de\/#website","url":"https:\/\/aha-trainings.akademie.rub.de\/de\/","name":"AHA Trainings","description":"Akademie der Ruhr-Universit\u00e4t","potentialAction":[{"@type":"SearchAction","target":{"@type":"EntryPoint","urlTemplate":"https:\/\/aha-trainings.akademie.rub.de\/de\/?s={search_term_string}"},"query-input":{"@type":"PropertyValueSpecification","valueRequired":true,"valueName":"search_term_string"}}],"inLanguage":"de"}]}},"acf":[],"_links":{"self":[{"href":"https:\/\/aha-trainings.akademie.rub.de\/de\/wp-json\/wp\/v2\/product\/1463","targetHints":{"allow":["GET"]}}],"collection":[{"href":"https:\/\/aha-trainings.akademie.rub.de\/de\/wp-json\/wp\/v2\/product"}],"about":[{"href":"https:\/\/aha-trainings.akademie.rub.de\/de\/wp-json\/wp\/v2\/types\/product"}],"wp:featuredmedia":[{"embeddable":true,"href":"https:\/\/aha-trainings.akademie.rub.de\/de\/wp-json\/wp\/v2\/media\/1323"}],"wp:attachment":[{"href":"https:\/\/aha-trainings.akademie.rub.de\/de\/wp-json\/wp\/v2\/media?parent=1463"}],"wp:term":[{"taxonomy":"product_brand","embeddable":true,"href":"https:\/\/aha-trainings.akademie.rub.de\/de\/wp-json\/wp\/v2\/product_brand?post=1463"},{"taxonomy":"product_cat","embeddable":true,"href":"https:\/\/aha-trainings.akademie.rub.de\/de\/wp-json\/wp\/v2\/product_cat?post=1463"},{"taxonomy":"product_tag","embeddable":true,"href":"https:\/\/aha-trainings.akademie.rub.de\/de\/wp-json\/wp\/v2\/product_tag?post=1463"}],"curies":[{"name":"wp","href":"https:\/\/api.w.org\/{rel}","templated":true}]}}