

{"id":260697,"date":"2025-12-17T12:37:05","date_gmt":"2025-12-17T10:37:05","guid":{"rendered":"https:\/\/aha-trainings.akademie.rub.de\/?post_type=product&#038;p=260697"},"modified":"2026-04-09T12:28:19","modified_gmt":"2026-04-09T10:28:19","slug":"advanced-sicherheitstraining","status":"publish","type":"product","link":"https:\/\/aha-trainings.akademie.rub.de\/de\/produkt\/advanced-sicherheitstraining\/","title":{"rendered":"Advanced-Sicherheitstraining"},"content":{"rendered":"<p class=\"x_MsoNormal\"><span data-olk-copy-source=\"MessageBody\">Dieses Aufbautraining basiert auf dem 3-t\u00e4gigen aha Basis-Sicherheitstraining von Aktion Deutschland Hilft. Die Teilnahme an diesem Training ist verbindliche Voraussetzung f\u00fcr die Teilnahme am Advanced Sicherheitstraining, mit einem Mindestabstand von grunds\u00e4tzlich sechs Monaten zwischen beiden Trainings.<\/span><\/p>\n<p class=\"x_MsoNormal\">Dabei werden zentrale Inhalte des Basissicherheitstrainings unter anderem das allgemeine und anlassbezogene Gefahrenbewusstsein, damit verbundene Risiken und Verhaltensweisen analysiert, sowie Ma\u00dfnahmen zur pers\u00f6nlichen als auch mobilen Sicherheit vertieft und praxisorientiert trainiert.<\/p>\n<p class=\"x_MsoNormal\"><span data-olk-copy-source=\"MessageBody\">Folgende Inhalte werden in Form theoretischer Darstellungen sowie praktischer \u00dcbungen vermittelt:<\/span><\/p>\n<ul type=\"disc\">\n<li class=\"x_MsoNormal\">Individuelles Sicherheitsbewusstsein, damit verbundene Risiken und Pers\u00f6nliche Sicherheit<\/li>\n<li class=\"x_MsoNormal\">Risiko Management Prozess<\/li>\n<li class=\"x_MsoNormal\">Mobile Sicherheit \/ Bewegung in feindseliger Umgebung<\/li>\n<li class=\"x_MsoNormal\">Allgemeine Systematik der Entf\u00fchrung, sowie daraus resultierende Verhaltensweisen<\/li>\n<li class=\"x_MsoNormal\">Pr\u00e4vention und Verhalten bei Naturkatastrophen<\/li>\n<li class=\"x_MsoNormal\">Evakuierung<\/li>\n<li class=\"x_MsoNormal\">Tactical First-Aid<\/li>\n<\/ul>\n<p class=\"x_MsoNormal\">Die Trainingsinhalte wurden teilweise in Anlehnung an Elemente des Hostile Environment Awareness Training (HEAT) der Europ\u00e4ischen Union konzipiert. Dieses Training stellt aber keinen Ersatz f\u00fcr ein HEAT dar, sondern soll dem erh\u00f6hten Sicherheitsbedarf f\u00fcr Mitarbeiter von Hilfsorganisationen, aufbauend auf den Grundlagen des Basis-Sicherheitstrainings, gerecht werden und eine L\u00fccke zwischen Basistraining und HEAT schlie\u00dfen. Die Grundprinzipien von Pr\u00e4vention und Deeskalation bilden das Fundament des Trainings; erg\u00e4nzend werden Handlungs- und L\u00f6sungsstrategien f\u00fcr den professionellen Umgang mit gef\u00e4hrlichen Situationen erarbeitet und erprobt, sowie Ma\u00dfnahmen der medizinischen Versorgung von Verwundeten in Hochrisikoszenarien betrachtet und in Teilen ge\u00fcbt.<\/p>\n<p><span data-olk-copy-source=\"MessageBody\">Hinweis: Teilnehmende aus den B\u00fcndnisorganisationen von Aktion Deutschland Hilft k\u00f6nnen nach der erfolgten Teilnahme am Advanced Sicherheistraining eine R\u00fcckerstattung von ADH erhalten. Bitte beachten Sie die interne Regelung von ADH. Reise- und Unterkunftskosten tragen jeweilige Organisationen bzw. Teilnehmende selbst.<\/span><\/p>\n<p>&nbsp;<\/p>\n","protected":false},"excerpt":{"rendered":"<p>Dieses Aufbautraining basiert auf dem 3-t\u00e4gigen aha Basis-Sicherheitstraining von Aktion Deutschland Hilft. Die Teilnahme an diesem Training ist verbindliche Voraussetzung f\u00fcr die Teilnahme am Advanced Sicherheitstraining, mit einem Mindestabstand von grunds\u00e4tzlich sechs Monaten zwischen beiden Trainings. Dabei werden zentrale Inhalte des Basissicherheitstrainings unter anderem das allgemeine und anlassbezogene Gefahrenbewusstsein, damit verbundene Risiken und Verhaltensweisen analysiert, [&hellip;]<\/p>\n","protected":false},"featured_media":260692,"template":"","meta":{"_acf_changed":false,"_et_pb_use_builder":"","_et_pb_old_content":"","_et_gb_content_width":""},"product_brand":[],"product_cat":[74],"product_tag":[],"class_list":{"0":"post-260697","1":"product","2":"type-product","3":"status-publish","4":"has-post-thumbnail","6":"product_cat-nicht-kategorisiert","8":"first","9":"outofstock","10":"purchasable","11":"product-type-bundle"},"bundled_by":[],"bundle_stock_status":"outofstock","bundle_stock_quantity":0,"bundle_virtual":false,"bundle_layout":"default","bundle_add_to_cart_form_location":"default","bundle_editable_in_cart":false,"bundle_sold_individually_context":"product","bundle_item_grouping":"parent","bundle_min_size":"","bundle_max_size":"","bundle_price":{"price":{"min":{"incl_tax":"575","excl_tax":"568.44"},"max":{"incl_tax":"575","excl_tax":"568.44"}},"regular_price":{"min":{"incl_tax":"575","excl_tax":"568.44"},"max":{"incl_tax":"575","excl_tax":"568.44"}}},"bundled_items":[{"bundled_item_id":34,"product_id":260610,"menu_order":0,"quantity_min":3,"quantity_max":3,"quantity_default":3,"priced_individually":true,"shipped_individually":false,"override_title":false,"title":"Catering","override_description":false,"description":"","optional":false,"hide_thumbnail":false,"discount":"","override_variations":false,"allowed_variations":[],"override_default_variation_attributes":false,"default_variation_attributes":[],"single_product_visibility":"visible","cart_visibility":"visible","order_visibility":"visible","single_product_price_visibility":"visible","cart_price_visibility":"visible","order_price_visibility":"visible","stock_status":"in_stock"}],"bundle_sell_ids":[],"yoast_head":"<!-- This site is optimized with the Yoast SEO Premium plugin v27.6 (Yoast SEO v27.6) - https:\/\/yoast.com\/product\/yoast-seo-premium-wordpress\/ -->\n<title>Advanced-Sicherheitstraining - AHA Trainings<\/title>\n<meta name=\"robots\" content=\"index, follow, max-snippet:-1, max-image-preview:large, max-video-preview:-1\" \/>\n<link rel=\"canonical\" href=\"https:\/\/aha-trainings.akademie.rub.de\/de\/produkt\/advanced-sicherheitstraining\/\" \/>\n<meta property=\"og:locale\" content=\"de_DE\" \/>\n<meta property=\"og:type\" content=\"article\" \/>\n<meta property=\"og:title\" content=\"Advanced-Sicherheitstraining\" \/>\n<meta property=\"og:description\" content=\"Dieses Aufbautraining basiert auf dem 3-t\u00e4gigen aha Basis-Sicherheitstraining von Aktion Deutschland Hilft. Die Teilnahme an diesem Training ist verbindliche Voraussetzung f\u00fcr die Teilnahme am Advanced Sicherheitstraining, mit einem Mindestabstand von grunds\u00e4tzlich sechs Monaten zwischen beiden Trainings. Dabei werden zentrale Inhalte des Basissicherheitstrainings unter anderem das allgemeine und anlassbezogene Gefahrenbewusstsein, damit verbundene Risiken und Verhaltensweisen analysiert, [&hellip;]\" \/>\n<meta property=\"og:url\" content=\"https:\/\/aha-trainings.akademie.rub.de\/de\/produkt\/advanced-sicherheitstraining\/\" \/>\n<meta property=\"og:site_name\" content=\"AHA Trainings\" \/>\n<meta property=\"article:modified_time\" content=\"2026-04-09T10:28:19+00:00\" \/>\n<meta property=\"og:image\" content=\"https:\/\/aha-trainings.akademie.rub.de\/wp-content\/uploads\/sites\/3\/2025\/12\/Copyright-ADH-Johanniter-Hahn-scaled.jpg\" \/>\n\t<meta property=\"og:image:width\" content=\"2560\" \/>\n\t<meta property=\"og:image:height\" content=\"1707\" \/>\n\t<meta property=\"og:image:type\" content=\"image\/jpeg\" \/>\n<meta name=\"twitter:card\" content=\"summary_large_image\" \/>\n<meta name=\"twitter:label1\" content=\"Gesch\u00e4tzte Lesezeit\" \/>\n\t<meta name=\"twitter:data1\" content=\"2\u00a0Minuten\" \/>\n<script type=\"application\/ld+json\" class=\"yoast-schema-graph\">{\"@context\":\"https:\\\/\\\/schema.org\",\"@graph\":[{\"@type\":\"WebPage\",\"@id\":\"https:\\\/\\\/aha-trainings.akademie.rub.de\\\/de\\\/produkt\\\/advanced-sicherheitstraining\\\/\",\"url\":\"https:\\\/\\\/aha-trainings.akademie.rub.de\\\/de\\\/produkt\\\/advanced-sicherheitstraining\\\/\",\"name\":\"Advanced-Sicherheitstraining - AHA Trainings\",\"isPartOf\":{\"@id\":\"https:\\\/\\\/aha-trainings.akademie.rub.de\\\/de\\\/#website\"},\"primaryImageOfPage\":{\"@id\":\"https:\\\/\\\/aha-trainings.akademie.rub.de\\\/de\\\/produkt\\\/advanced-sicherheitstraining\\\/#primaryimage\"},\"image\":{\"@id\":\"https:\\\/\\\/aha-trainings.akademie.rub.de\\\/de\\\/produkt\\\/advanced-sicherheitstraining\\\/#primaryimage\"},\"thumbnailUrl\":\"https:\\\/\\\/aha-trainings.akademie.rub.de\\\/wp-content\\\/uploads\\\/sites\\\/3\\\/2025\\\/12\\\/Copyright-ADH-Johanniter-Hahn-scaled.jpg\",\"datePublished\":\"2025-12-17T10:37:05+00:00\",\"dateModified\":\"2026-04-09T10:28:19+00:00\",\"breadcrumb\":{\"@id\":\"https:\\\/\\\/aha-trainings.akademie.rub.de\\\/de\\\/produkt\\\/advanced-sicherheitstraining\\\/#breadcrumb\"},\"inLanguage\":\"de\",\"potentialAction\":[{\"@type\":\"ReadAction\",\"target\":[\"https:\\\/\\\/aha-trainings.akademie.rub.de\\\/de\\\/produkt\\\/advanced-sicherheitstraining\\\/\"]}]},{\"@type\":\"ImageObject\",\"inLanguage\":\"de\",\"@id\":\"https:\\\/\\\/aha-trainings.akademie.rub.de\\\/de\\\/produkt\\\/advanced-sicherheitstraining\\\/#primaryimage\",\"url\":\"https:\\\/\\\/aha-trainings.akademie.rub.de\\\/wp-content\\\/uploads\\\/sites\\\/3\\\/2025\\\/12\\\/Copyright-ADH-Johanniter-Hahn-scaled.jpg\",\"contentUrl\":\"https:\\\/\\\/aha-trainings.akademie.rub.de\\\/wp-content\\\/uploads\\\/sites\\\/3\\\/2025\\\/12\\\/Copyright-ADH-Johanniter-Hahn-scaled.jpg\",\"width\":2560,\"height\":1707,\"caption\":\"Auslandseins\u00e4tze\"},{\"@type\":\"BreadcrumbList\",\"@id\":\"https:\\\/\\\/aha-trainings.akademie.rub.de\\\/de\\\/produkt\\\/advanced-sicherheitstraining\\\/#breadcrumb\",\"itemListElement\":[{\"@type\":\"ListItem\",\"position\":1,\"name\":\"Home\",\"item\":\"https:\\\/\\\/aha-trainings.akademie.rub.de\\\/de\\\/\"},{\"@type\":\"ListItem\",\"position\":2,\"name\":\"Kurse\",\"item\":\"https:\\\/\\\/aha-trainings.akademie.rub.de\\\/courses\\\/\"},{\"@type\":\"ListItem\",\"position\":3,\"name\":\"Advanced-Sicherheitstraining\"}]},{\"@type\":\"WebSite\",\"@id\":\"https:\\\/\\\/aha-trainings.akademie.rub.de\\\/de\\\/#website\",\"url\":\"https:\\\/\\\/aha-trainings.akademie.rub.de\\\/de\\\/\",\"name\":\"AHA Trainings\",\"description\":\"Akademie der Ruhr-Universit\u00e4t\",\"potentialAction\":[{\"@type\":\"SearchAction\",\"target\":{\"@type\":\"EntryPoint\",\"urlTemplate\":\"https:\\\/\\\/aha-trainings.akademie.rub.de\\\/de\\\/?s={search_term_string}\"},\"query-input\":{\"@type\":\"PropertyValueSpecification\",\"valueRequired\":true,\"valueName\":\"search_term_string\"}}],\"inLanguage\":\"de\"}]}<\/script>\n<!-- \/ Yoast SEO Premium plugin. -->","yoast_head_json":{"title":"Advanced-Sicherheitstraining - AHA Trainings","robots":{"index":"index","follow":"follow","max-snippet":"max-snippet:-1","max-image-preview":"max-image-preview:large","max-video-preview":"max-video-preview:-1"},"canonical":"https:\/\/aha-trainings.akademie.rub.de\/de\/produkt\/advanced-sicherheitstraining\/","og_locale":"de_DE","og_type":"article","og_title":"Advanced-Sicherheitstraining","og_description":"Dieses Aufbautraining basiert auf dem 3-t\u00e4gigen aha Basis-Sicherheitstraining von Aktion Deutschland Hilft. Die Teilnahme an diesem Training ist verbindliche Voraussetzung f\u00fcr die Teilnahme am Advanced Sicherheitstraining, mit einem Mindestabstand von grunds\u00e4tzlich sechs Monaten zwischen beiden Trainings. Dabei werden zentrale Inhalte des Basissicherheitstrainings unter anderem das allgemeine und anlassbezogene Gefahrenbewusstsein, damit verbundene Risiken und Verhaltensweisen analysiert, [&hellip;]","og_url":"https:\/\/aha-trainings.akademie.rub.de\/de\/produkt\/advanced-sicherheitstraining\/","og_site_name":"AHA Trainings","article_modified_time":"2026-04-09T10:28:19+00:00","og_image":[{"width":2560,"height":1707,"url":"https:\/\/aha-trainings.akademie.rub.de\/wp-content\/uploads\/sites\/3\/2025\/12\/Copyright-ADH-Johanniter-Hahn-scaled.jpg","type":"image\/jpeg"}],"twitter_card":"summary_large_image","twitter_misc":{"Gesch\u00e4tzte Lesezeit":"2\u00a0Minuten"},"schema":{"@context":"https:\/\/schema.org","@graph":[{"@type":"WebPage","@id":"https:\/\/aha-trainings.akademie.rub.de\/de\/produkt\/advanced-sicherheitstraining\/","url":"https:\/\/aha-trainings.akademie.rub.de\/de\/produkt\/advanced-sicherheitstraining\/","name":"Advanced-Sicherheitstraining - AHA Trainings","isPartOf":{"@id":"https:\/\/aha-trainings.akademie.rub.de\/de\/#website"},"primaryImageOfPage":{"@id":"https:\/\/aha-trainings.akademie.rub.de\/de\/produkt\/advanced-sicherheitstraining\/#primaryimage"},"image":{"@id":"https:\/\/aha-trainings.akademie.rub.de\/de\/produkt\/advanced-sicherheitstraining\/#primaryimage"},"thumbnailUrl":"https:\/\/aha-trainings.akademie.rub.de\/wp-content\/uploads\/sites\/3\/2025\/12\/Copyright-ADH-Johanniter-Hahn-scaled.jpg","datePublished":"2025-12-17T10:37:05+00:00","dateModified":"2026-04-09T10:28:19+00:00","breadcrumb":{"@id":"https:\/\/aha-trainings.akademie.rub.de\/de\/produkt\/advanced-sicherheitstraining\/#breadcrumb"},"inLanguage":"de","potentialAction":[{"@type":"ReadAction","target":["https:\/\/aha-trainings.akademie.rub.de\/de\/produkt\/advanced-sicherheitstraining\/"]}]},{"@type":"ImageObject","inLanguage":"de","@id":"https:\/\/aha-trainings.akademie.rub.de\/de\/produkt\/advanced-sicherheitstraining\/#primaryimage","url":"https:\/\/aha-trainings.akademie.rub.de\/wp-content\/uploads\/sites\/3\/2025\/12\/Copyright-ADH-Johanniter-Hahn-scaled.jpg","contentUrl":"https:\/\/aha-trainings.akademie.rub.de\/wp-content\/uploads\/sites\/3\/2025\/12\/Copyright-ADH-Johanniter-Hahn-scaled.jpg","width":2560,"height":1707,"caption":"Auslandseins\u00e4tze"},{"@type":"BreadcrumbList","@id":"https:\/\/aha-trainings.akademie.rub.de\/de\/produkt\/advanced-sicherheitstraining\/#breadcrumb","itemListElement":[{"@type":"ListItem","position":1,"name":"Home","item":"https:\/\/aha-trainings.akademie.rub.de\/de\/"},{"@type":"ListItem","position":2,"name":"Kurse","item":"https:\/\/aha-trainings.akademie.rub.de\/courses\/"},{"@type":"ListItem","position":3,"name":"Advanced-Sicherheitstraining"}]},{"@type":"WebSite","@id":"https:\/\/aha-trainings.akademie.rub.de\/de\/#website","url":"https:\/\/aha-trainings.akademie.rub.de\/de\/","name":"AHA Trainings","description":"Akademie der Ruhr-Universit\u00e4t","potentialAction":[{"@type":"SearchAction","target":{"@type":"EntryPoint","urlTemplate":"https:\/\/aha-trainings.akademie.rub.de\/de\/?s={search_term_string}"},"query-input":{"@type":"PropertyValueSpecification","valueRequired":true,"valueName":"search_term_string"}}],"inLanguage":"de"}]}},"acf":[],"_links":{"self":[{"href":"https:\/\/aha-trainings.akademie.rub.de\/de\/wp-json\/wp\/v2\/product\/260697","targetHints":{"allow":["GET"]}}],"collection":[{"href":"https:\/\/aha-trainings.akademie.rub.de\/de\/wp-json\/wp\/v2\/product"}],"about":[{"href":"https:\/\/aha-trainings.akademie.rub.de\/de\/wp-json\/wp\/v2\/types\/product"}],"wp:featuredmedia":[{"embeddable":true,"href":"https:\/\/aha-trainings.akademie.rub.de\/de\/wp-json\/wp\/v2\/media\/260692"}],"wp:attachment":[{"href":"https:\/\/aha-trainings.akademie.rub.de\/de\/wp-json\/wp\/v2\/media?parent=260697"}],"wp:term":[{"taxonomy":"product_brand","embeddable":true,"href":"https:\/\/aha-trainings.akademie.rub.de\/de\/wp-json\/wp\/v2\/product_brand?post=260697"},{"taxonomy":"product_cat","embeddable":true,"href":"https:\/\/aha-trainings.akademie.rub.de\/de\/wp-json\/wp\/v2\/product_cat?post=260697"},{"taxonomy":"product_tag","embeddable":true,"href":"https:\/\/aha-trainings.akademie.rub.de\/de\/wp-json\/wp\/v2\/product_tag?post=260697"}],"curies":[{"name":"wp","href":"https:\/\/api.w.org\/{rel}","templated":true}]}}