

{"id":260705,"date":"2026-01-05T17:37:21","date_gmt":"2026-01-05T15:37:21","guid":{"rendered":"https:\/\/aha-trainings.akademie.rub.de\/?post_type=product&#038;p=260705"},"modified":"2026-01-12T12:55:58","modified_gmt":"2026-01-12T10:55:58","slug":"introduction-to-mapping-with-qgis-2026","status":"publish","type":"product","link":"https:\/\/aha-trainings.akademie.rub.de\/de\/produkt\/introduction-to-mapping-with-qgis-2026\/","title":{"rendered":"Introduction to Mapping with QGIS &#8211; 2026"},"content":{"rendered":"<p data-start=\"258\" data-end=\"705\">Dieser Kurs bietet Dir eine praxisnahe Einf\u00fchrung in QGIS und richtet sich an Dich, wenn Du Karten in Deinem beruflichen Alltag nutzen m\u00f6chtest, aber bislang nicht wusstest, wo Du anfangen sollst. Unabh\u00e4ngig davon, ob Du in der humanit\u00e4ren Hilfe, der Entwicklungszusammenarbeit, im Umweltbereich oder in einem anderen datenbasierten Arbeitsfeld t\u00e4tig bist \u2013 der souver\u00e4ne Umgang mit r\u00e4umlichen Daten wird zunehmend zu einer Schl\u00fcsselkompetenz.<\/p>\n<p data-start=\"707\" data-end=\"1057\">Obwohl die Datenanalyse in vielen Bereichen immer wichtiger wird, fehlt es oft an grundlegenden Kenntnissen dar\u00fcber, wie Daten sinnvoll strukturiert, interpretiert und visualisiert werden k\u00f6nnen. Die Kartierung von Geodaten ist dabei ein zentraler erster Schritt, um komplexe Zusammenh\u00e4nge sichtbar zu machen und fundierte Entscheidungen zu unterst\u00fctzen.<\/p>\n<p data-start=\"1059\" data-end=\"1503\">In diesem Einf\u00fchrungskurs erh\u00e4ltst Du ein solides Basistraining in QGIS. Du lernst grundlegende Konzepte der Kartierung kennen, arbeitest mit einfachen Geodaten und entwickelst ein Verst\u00e4ndnis daf\u00fcr, wie Karten professionell aufgebaut und eingesetzt werden. Ziel des Kurses ist es, Dich in die Lage zu versetzen, eigenst\u00e4ndig, sicher und reflektiert mit Karten zu arbeiten und QGIS als Werkzeug in Deinem beruflichen Kontext sinnvoll zu nutzen.<\/p>\n<p data-start=\"1059\" data-end=\"1503\">Weitere Informationen zum Inhalt findest Du unten im &#8222;Student Schedule&#8220;.<\/p>\n","protected":false},"excerpt":{"rendered":"<p>Dieser Kurs bietet Dir eine praxisnahe Einf\u00fchrung in QGIS und richtet sich an Dich, wenn Du Karten in Deinem beruflichen Alltag nutzen m\u00f6chtest, aber bislang nicht wusstest, wo Du anfangen sollst. Unabh\u00e4ngig davon, ob Du in der humanit\u00e4ren Hilfe, der Entwicklungszusammenarbeit, im Umweltbereich oder in einem anderen datenbasierten Arbeitsfeld t\u00e4tig bist \u2013 der souver\u00e4ne Umgang [&hellip;]<\/p>\n","protected":false},"featured_media":260707,"template":"","meta":{"_acf_changed":false,"_et_pb_use_builder":"","_et_pb_old_content":"","_et_gb_content_width":""},"product_brand":[],"product_cat":[75],"product_tag":[],"class_list":{"0":"post-260705","1":"product","2":"type-product","3":"status-publish","4":"has-post-thumbnail","6":"product_cat-aha-trainings-de","8":"first","9":"instock","10":"purchasable","11":"product-type-simple"},"bundled_by":[],"bundle_stock_status":"instock","bundle_stock_quantity":null,"bundle_virtual":false,"bundle_layout":"","bundle_add_to_cart_form_location":"","bundle_editable_in_cart":false,"bundle_sold_individually_context":"","bundle_item_grouping":"","bundle_min_size":"","bundle_max_size":"","bundle_price":[],"bundled_items":[],"bundle_sell_ids":[],"yoast_head":"<!-- This site is optimized with the Yoast SEO Premium plugin v27.3 (Yoast SEO v27.3) - https:\/\/yoast.com\/product\/yoast-seo-premium-wordpress\/ -->\n<title>Introduction to Mapping with QGIS - 2026 - AHA Trainings<\/title>\n<meta name=\"robots\" content=\"index, follow, max-snippet:-1, max-image-preview:large, max-video-preview:-1\" \/>\n<link rel=\"canonical\" href=\"https:\/\/aha-trainings.akademie.rub.de\/de\/produkt\/introduction-to-mapping-with-qgis-2026\/\" \/>\n<meta property=\"og:locale\" content=\"de_DE\" \/>\n<meta property=\"og:type\" content=\"article\" \/>\n<meta property=\"og:title\" content=\"Introduction to Mapping with QGIS - 2026\" \/>\n<meta property=\"og:description\" content=\"Dieser Kurs bietet Dir eine praxisnahe Einf\u00fchrung in QGIS und richtet sich an Dich, wenn Du Karten in Deinem beruflichen Alltag nutzen m\u00f6chtest, aber bislang nicht wusstest, wo Du anfangen sollst. Unabh\u00e4ngig davon, ob Du in der humanit\u00e4ren Hilfe, der Entwicklungszusammenarbeit, im Umweltbereich oder in einem anderen datenbasierten Arbeitsfeld t\u00e4tig bist \u2013 der souver\u00e4ne Umgang [&hellip;]\" \/>\n<meta property=\"og:url\" content=\"https:\/\/aha-trainings.akademie.rub.de\/de\/produkt\/introduction-to-mapping-with-qgis-2026\/\" \/>\n<meta property=\"og:site_name\" content=\"AHA Trainings\" \/>\n<meta property=\"article:modified_time\" content=\"2026-01-12T10:55:58+00:00\" \/>\n<meta property=\"og:image\" content=\"https:\/\/aha-trainings.akademie.rub.de\/wp-content\/uploads\/sites\/3\/2026\/01\/nisuda-nirmantha-wGiSoCeRLXE-unsplash-scaled.jpg\" \/>\n\t<meta property=\"og:image:width\" content=\"1444\" \/>\n\t<meta property=\"og:image:height\" content=\"2560\" \/>\n\t<meta property=\"og:image:type\" content=\"image\/jpeg\" \/>\n<meta name=\"twitter:card\" content=\"summary_large_image\" \/>\n<meta name=\"twitter:label1\" content=\"Gesch\u00e4tzte Lesezeit\" \/>\n\t<meta name=\"twitter:data1\" content=\"1\u00a0Minute\" \/>\n<script type=\"application\/ld+json\" class=\"yoast-schema-graph\">{\"@context\":\"https:\\\/\\\/schema.org\",\"@graph\":[{\"@type\":\"WebPage\",\"@id\":\"https:\\\/\\\/aha-trainings.akademie.rub.de\\\/de\\\/produkt\\\/introduction-to-mapping-with-qgis-2026\\\/\",\"url\":\"https:\\\/\\\/aha-trainings.akademie.rub.de\\\/de\\\/produkt\\\/introduction-to-mapping-with-qgis-2026\\\/\",\"name\":\"Introduction to Mapping with QGIS - 2026 - AHA Trainings\",\"isPartOf\":{\"@id\":\"https:\\\/\\\/aha-trainings.akademie.rub.de\\\/de\\\/#website\"},\"primaryImageOfPage\":{\"@id\":\"https:\\\/\\\/aha-trainings.akademie.rub.de\\\/de\\\/produkt\\\/introduction-to-mapping-with-qgis-2026\\\/#primaryimage\"},\"image\":{\"@id\":\"https:\\\/\\\/aha-trainings.akademie.rub.de\\\/de\\\/produkt\\\/introduction-to-mapping-with-qgis-2026\\\/#primaryimage\"},\"thumbnailUrl\":\"https:\\\/\\\/aha-trainings.akademie.rub.de\\\/wp-content\\\/uploads\\\/sites\\\/3\\\/2026\\\/01\\\/nisuda-nirmantha-wGiSoCeRLXE-unsplash-scaled.jpg\",\"datePublished\":\"2026-01-05T15:37:21+00:00\",\"dateModified\":\"2026-01-12T10:55:58+00:00\",\"breadcrumb\":{\"@id\":\"https:\\\/\\\/aha-trainings.akademie.rub.de\\\/de\\\/produkt\\\/introduction-to-mapping-with-qgis-2026\\\/#breadcrumb\"},\"inLanguage\":\"de\",\"potentialAction\":[{\"@type\":\"ReadAction\",\"target\":[\"https:\\\/\\\/aha-trainings.akademie.rub.de\\\/de\\\/produkt\\\/introduction-to-mapping-with-qgis-2026\\\/\"]}]},{\"@type\":\"ImageObject\",\"inLanguage\":\"de\",\"@id\":\"https:\\\/\\\/aha-trainings.akademie.rub.de\\\/de\\\/produkt\\\/introduction-to-mapping-with-qgis-2026\\\/#primaryimage\",\"url\":\"https:\\\/\\\/aha-trainings.akademie.rub.de\\\/wp-content\\\/uploads\\\/sites\\\/3\\\/2026\\\/01\\\/nisuda-nirmantha-wGiSoCeRLXE-unsplash-scaled.jpg\",\"contentUrl\":\"https:\\\/\\\/aha-trainings.akademie.rub.de\\\/wp-content\\\/uploads\\\/sites\\\/3\\\/2026\\\/01\\\/nisuda-nirmantha-wGiSoCeRLXE-unsplash-scaled.jpg\",\"width\":1444,\"height\":2560},{\"@type\":\"BreadcrumbList\",\"@id\":\"https:\\\/\\\/aha-trainings.akademie.rub.de\\\/de\\\/produkt\\\/introduction-to-mapping-with-qgis-2026\\\/#breadcrumb\",\"itemListElement\":[{\"@type\":\"ListItem\",\"position\":1,\"name\":\"Home\",\"item\":\"https:\\\/\\\/aha-trainings.akademie.rub.de\\\/de\\\/\"},{\"@type\":\"ListItem\",\"position\":2,\"name\":\"Kurse\",\"item\":\"https:\\\/\\\/aha-trainings.akademie.rub.de\\\/de\\\/courses\\\/\"},{\"@type\":\"ListItem\",\"position\":3,\"name\":\"Introduction to Mapping with QGIS &#8211; 2026\"}]},{\"@type\":\"WebSite\",\"@id\":\"https:\\\/\\\/aha-trainings.akademie.rub.de\\\/de\\\/#website\",\"url\":\"https:\\\/\\\/aha-trainings.akademie.rub.de\\\/de\\\/\",\"name\":\"AHA Trainings\",\"description\":\"Akademie der Ruhr-Universit\u00e4t\",\"potentialAction\":[{\"@type\":\"SearchAction\",\"target\":{\"@type\":\"EntryPoint\",\"urlTemplate\":\"https:\\\/\\\/aha-trainings.akademie.rub.de\\\/de\\\/?s={search_term_string}\"},\"query-input\":{\"@type\":\"PropertyValueSpecification\",\"valueRequired\":true,\"valueName\":\"search_term_string\"}}],\"inLanguage\":\"de\"}]}<\/script>\n<!-- \/ Yoast SEO Premium plugin. -->","yoast_head_json":{"title":"Introduction to Mapping with QGIS - 2026 - AHA Trainings","robots":{"index":"index","follow":"follow","max-snippet":"max-snippet:-1","max-image-preview":"max-image-preview:large","max-video-preview":"max-video-preview:-1"},"canonical":"https:\/\/aha-trainings.akademie.rub.de\/de\/produkt\/introduction-to-mapping-with-qgis-2026\/","og_locale":"de_DE","og_type":"article","og_title":"Introduction to Mapping with QGIS - 2026","og_description":"Dieser Kurs bietet Dir eine praxisnahe Einf\u00fchrung in QGIS und richtet sich an Dich, wenn Du Karten in Deinem beruflichen Alltag nutzen m\u00f6chtest, aber bislang nicht wusstest, wo Du anfangen sollst. Unabh\u00e4ngig davon, ob Du in der humanit\u00e4ren Hilfe, der Entwicklungszusammenarbeit, im Umweltbereich oder in einem anderen datenbasierten Arbeitsfeld t\u00e4tig bist \u2013 der souver\u00e4ne Umgang [&hellip;]","og_url":"https:\/\/aha-trainings.akademie.rub.de\/de\/produkt\/introduction-to-mapping-with-qgis-2026\/","og_site_name":"AHA Trainings","article_modified_time":"2026-01-12T10:55:58+00:00","og_image":[{"width":1444,"height":2560,"url":"https:\/\/aha-trainings.akademie.rub.de\/wp-content\/uploads\/sites\/3\/2026\/01\/nisuda-nirmantha-wGiSoCeRLXE-unsplash-scaled.jpg","type":"image\/jpeg"}],"twitter_card":"summary_large_image","twitter_misc":{"Gesch\u00e4tzte Lesezeit":"1\u00a0Minute"},"schema":{"@context":"https:\/\/schema.org","@graph":[{"@type":"WebPage","@id":"https:\/\/aha-trainings.akademie.rub.de\/de\/produkt\/introduction-to-mapping-with-qgis-2026\/","url":"https:\/\/aha-trainings.akademie.rub.de\/de\/produkt\/introduction-to-mapping-with-qgis-2026\/","name":"Introduction to Mapping with QGIS - 2026 - AHA Trainings","isPartOf":{"@id":"https:\/\/aha-trainings.akademie.rub.de\/de\/#website"},"primaryImageOfPage":{"@id":"https:\/\/aha-trainings.akademie.rub.de\/de\/produkt\/introduction-to-mapping-with-qgis-2026\/#primaryimage"},"image":{"@id":"https:\/\/aha-trainings.akademie.rub.de\/de\/produkt\/introduction-to-mapping-with-qgis-2026\/#primaryimage"},"thumbnailUrl":"https:\/\/aha-trainings.akademie.rub.de\/wp-content\/uploads\/sites\/3\/2026\/01\/nisuda-nirmantha-wGiSoCeRLXE-unsplash-scaled.jpg","datePublished":"2026-01-05T15:37:21+00:00","dateModified":"2026-01-12T10:55:58+00:00","breadcrumb":{"@id":"https:\/\/aha-trainings.akademie.rub.de\/de\/produkt\/introduction-to-mapping-with-qgis-2026\/#breadcrumb"},"inLanguage":"de","potentialAction":[{"@type":"ReadAction","target":["https:\/\/aha-trainings.akademie.rub.de\/de\/produkt\/introduction-to-mapping-with-qgis-2026\/"]}]},{"@type":"ImageObject","inLanguage":"de","@id":"https:\/\/aha-trainings.akademie.rub.de\/de\/produkt\/introduction-to-mapping-with-qgis-2026\/#primaryimage","url":"https:\/\/aha-trainings.akademie.rub.de\/wp-content\/uploads\/sites\/3\/2026\/01\/nisuda-nirmantha-wGiSoCeRLXE-unsplash-scaled.jpg","contentUrl":"https:\/\/aha-trainings.akademie.rub.de\/wp-content\/uploads\/sites\/3\/2026\/01\/nisuda-nirmantha-wGiSoCeRLXE-unsplash-scaled.jpg","width":1444,"height":2560},{"@type":"BreadcrumbList","@id":"https:\/\/aha-trainings.akademie.rub.de\/de\/produkt\/introduction-to-mapping-with-qgis-2026\/#breadcrumb","itemListElement":[{"@type":"ListItem","position":1,"name":"Home","item":"https:\/\/aha-trainings.akademie.rub.de\/de\/"},{"@type":"ListItem","position":2,"name":"Kurse","item":"https:\/\/aha-trainings.akademie.rub.de\/de\/courses\/"},{"@type":"ListItem","position":3,"name":"Introduction to Mapping with QGIS &#8211; 2026"}]},{"@type":"WebSite","@id":"https:\/\/aha-trainings.akademie.rub.de\/de\/#website","url":"https:\/\/aha-trainings.akademie.rub.de\/de\/","name":"AHA Trainings","description":"Akademie der Ruhr-Universit\u00e4t","potentialAction":[{"@type":"SearchAction","target":{"@type":"EntryPoint","urlTemplate":"https:\/\/aha-trainings.akademie.rub.de\/de\/?s={search_term_string}"},"query-input":{"@type":"PropertyValueSpecification","valueRequired":true,"valueName":"search_term_string"}}],"inLanguage":"de"}]}},"acf":[],"_links":{"self":[{"href":"https:\/\/aha-trainings.akademie.rub.de\/de\/wp-json\/wp\/v2\/product\/260705","targetHints":{"allow":["GET"]}}],"collection":[{"href":"https:\/\/aha-trainings.akademie.rub.de\/de\/wp-json\/wp\/v2\/product"}],"about":[{"href":"https:\/\/aha-trainings.akademie.rub.de\/de\/wp-json\/wp\/v2\/types\/product"}],"wp:featuredmedia":[{"embeddable":true,"href":"https:\/\/aha-trainings.akademie.rub.de\/de\/wp-json\/wp\/v2\/media\/260707"}],"wp:attachment":[{"href":"https:\/\/aha-trainings.akademie.rub.de\/de\/wp-json\/wp\/v2\/media?parent=260705"}],"wp:term":[{"taxonomy":"product_brand","embeddable":true,"href":"https:\/\/aha-trainings.akademie.rub.de\/de\/wp-json\/wp\/v2\/product_brand?post=260705"},{"taxonomy":"product_cat","embeddable":true,"href":"https:\/\/aha-trainings.akademie.rub.de\/de\/wp-json\/wp\/v2\/product_cat?post=260705"},{"taxonomy":"product_tag","embeddable":true,"href":"https:\/\/aha-trainings.akademie.rub.de\/de\/wp-json\/wp\/v2\/product_tag?post=260705"}],"curies":[{"name":"wp","href":"https:\/\/api.w.org\/{rel}","templated":true}]}}